{"id":2,"date":"2015-06-24T21:18:00","date_gmt":"2015-06-24T21:18:00","guid":{"rendered":"http:\/\/caramsrl.com\/algodon\/?page_id=2"},"modified":"2023-11-02T02:54:57","modified_gmt":"2023-11-01T23:54:57","slug":"pagina-ejemplo","status":"publish","type":"page","link":"https:\/\/caramsrl.com.ar\/algodon\/","title":{"rendered":"<!--Home-->"},"content":{"rendered":"<div id=\"pl-2\"  class=\"panel-layout\" ><div id=\"pg-2-0\"  class=\"panel-grid panel-no-style\" ><div id=\"pgc-2-0-0\"  class=\"panel-grid-cell\" ><div id=\"panel-2-0-0-0\" class=\"so-panel widget widget_black-studio-tinymce widget_black_studio_tinymce panel-first-child\" data-index=\"0\" ><div class=\"textwidget\"><p><strong>Caram S.R.L.<\/strong> El tradicional acopiador de algod\u00f3n argentino y proveedor de industrias textiles, con una estructura moderna y eficiente. Operando en todas las regiones productoras de algod\u00f3n con una log\u00edstica coordinada con la totalidad de las desmotadoras en operaci\u00f3n.<\/p><p>A trav\u00e9s de esta p\u00e1gina le brindamos un servicio m\u00e1s al productor, una fuente de informaci\u00f3n del clima, precios, mercados, oportunidades de negocios, y novedades agron\u00f3micas, como ser variedades, control de plagas, t\u00e9cnicas de cultivo, etc. Esperamos les sea \u00fatil.<\/p><\/div><\/div><div id=\"panel-2-0-0-1\" class=\"so-panel widget widget_siteorigin-panels-postloop panel-last-child\" data-index=\"1\" ><h3 class=\"widget-title\">Precios C\u00e1mara Algodonera<\/h3>\n\n\t\t\n\t\t\n<article id=\"post-1930\" class=\"entry post-1930 post type-post status-publish format-standard hentry category-precios\">\n\n\t\n\n\t<div class=\"post-text\">\n\n\t\t\n\t\t\t\t\t<div class=\"entry-content\">\n\t\t\t\t<iframe src=\"\/\/docs.google.com\/viewer?url=http%3A%2F%2Fcaramsrl.com.ar%2Falgodon%2Fwp-content%2Fuploads%2F2026%2F04%2FPrecios-de-Referencia-22-04-26.pdf&hl=es&embedded=true\" class=\"gde-frame\" style=\"width:100%; height:500px; border: none;\" scrolling=\"no\"><\/iframe>\n<p class=\"gde-text\"><a href=\"http:\/\/caramsrl.com.ar\/algodon\/wp-content\/uploads\/2026\/04\/Precios-de-Referencia-22-04-26.pdf\" class=\"gde-link\">Descargar (PDF, 171KB)<\/a><\/p>\n\t\t\t\t\t\t\t<\/div><!-- .entry-content -->\n\t\t\n\t\t<div class=\"entry-meta\">\n\t\t\t\t\t\t\t<div class=\"continue-reading\"><a href=\"https:\/\/caramsrl.com.ar\/algodon\/2026\/04\/22\/1930\/\">Continue Reading <span class=\"meta-nav\">&rarr;<\/span><\/a><\/div>\n\t\t\t\n\t\t\t<div class=\"posted-on\">Posted on <a href=\"https:\/\/caramsrl.com.ar\/algodon\/2026\/04\/22\/1930\/\" title=\"10:34 pm\" rel=\"bookmark\"><time class=\"entry-date\" datetime=\"2026-04-22T22:34:06+03:00\">22 abril, 2026<\/time><\/a><\/div>\n\t\t<\/div><!-- .entry-meta -->\n\n\t\t\n\t<\/div>\n\n<\/article><!-- #post-1930 -->\n\n\t\n\t\t\n<article id=\"post-1927\" class=\"entry post-1927 post type-post status-publish format-standard hentry category-precios\">\n\n\t\n\n\t<div class=\"post-text\">\n\n\t\t\n\t\t\t\t\t<div class=\"entry-content\">\n\t\t\t\t<iframe src=\"\/\/docs.google.com\/viewer?url=http%3A%2F%2Fcaramsrl.com.ar%2Falgodon%2Fwp-content%2Fuploads%2F2026%2F04%2FPrecios-de-Referencia-15-04-26.pdf&hl=es&embedded=true\" class=\"gde-frame\" style=\"width:100%; height:500px; border: none;\" scrolling=\"no\"><\/iframe>\n<p class=\"gde-text\"><a href=\"http:\/\/caramsrl.com.ar\/algodon\/wp-content\/uploads\/2026\/04\/Precios-de-Referencia-15-04-26.pdf\" class=\"gde-link\">Descargar (PDF, 171KB)<\/a><\/p>\n\t\t\t\t\t\t\t<\/div><!-- .entry-content -->\n\t\t\n\t\t<div class=\"entry-meta\">\n\t\t\t\t\t\t\t<div class=\"continue-reading\"><a href=\"https:\/\/caramsrl.com.ar\/algodon\/2026\/04\/16\/1927\/\">Continue Reading <span class=\"meta-nav\">&rarr;<\/span><\/a><\/div>\n\t\t\t\n\t\t\t<div class=\"posted-on\">Posted on <a href=\"https:\/\/caramsrl.com.ar\/algodon\/2026\/04\/16\/1927\/\" title=\"12:55 am\" rel=\"bookmark\"><time class=\"entry-date\" datetime=\"2026-04-16T00:55:47+03:00\">16 abril, 2026<\/time><\/a><\/div>\n\t\t<\/div><!-- .entry-meta -->\n\n\t\t\n\t<\/div>\n\n<\/article><!-- #post-1927 -->\n\n\t\n\t\t\n<article id=\"post-1924\" class=\"entry post-1924 post type-post status-publish format-standard hentry category-precios\">\n\n\t\n\n\t<div class=\"post-text\">\n\n\t\t\n\t\t\t\t\t<div class=\"entry-content\">\n\t\t\t\t<iframe src=\"\/\/docs.google.com\/viewer?url=http%3A%2F%2Fcaramsrl.com.ar%2Falgodon%2Fwp-content%2Fuploads%2F2026%2F04%2FPrecios-de-Referencia-08-04-26.pdf&hl=es&embedded=true\" class=\"gde-frame\" style=\"width:100%; height:500px; border: none;\" scrolling=\"no\"><\/iframe>\n<p class=\"gde-text\"><a href=\"http:\/\/caramsrl.com.ar\/algodon\/wp-content\/uploads\/2026\/04\/Precios-de-Referencia-08-04-26.pdf\" class=\"gde-link\">Descargar (PDF, 171KB)<\/a><\/p>\n\t\t\t\t\t\t\t<\/div><!-- .entry-content -->\n\t\t\n\t\t<div class=\"entry-meta\">\n\t\t\t\t\t\t\t<div class=\"continue-reading\"><a href=\"https:\/\/caramsrl.com.ar\/algodon\/2026\/04\/08\/1924\/\">Continue Reading <span class=\"meta-nav\">&rarr;<\/span><\/a><\/div>\n\t\t\t\n\t\t\t<div class=\"posted-on\">Posted on <a href=\"https:\/\/caramsrl.com.ar\/algodon\/2026\/04\/08\/1924\/\" title=\"11:27 pm\" rel=\"bookmark\"><time class=\"entry-date\" datetime=\"2026-04-08T23:27:19+03:00\">8 abril, 2026<\/time><\/a><\/div>\n\t\t<\/div><!-- .entry-meta -->\n\n\t\t\n\t<\/div>\n\n<\/article><!-- #post-1924 -->\n\n\t\n\t\t\n<article id=\"post-1921\" class=\"entry post-1921 post type-post status-publish format-standard hentry category-precios\">\n\n\t\n\n\t<div class=\"post-text\">\n\n\t\t\n\t\t\t\t\t<div class=\"entry-content\">\n\t\t\t\t<iframe src=\"\/\/docs.google.com\/viewer?url=http%3A%2F%2Fcaramsrl.com.ar%2Falgodon%2Fwp-content%2Fuploads%2F2026%2F04%2FPrecios-de-Referencia-01-04-26.pdf&hl=es&embedded=true\" class=\"gde-frame\" style=\"width:100%; height:500px; border: none;\" scrolling=\"no\"><\/iframe>\n<p class=\"gde-text\"><a href=\"http:\/\/caramsrl.com.ar\/algodon\/wp-content\/uploads\/2026\/04\/Precios-de-Referencia-01-04-26.pdf\" class=\"gde-link\">Descargar (PDF, 171KB)<\/a><\/p>\n\t\t\t\t\t\t\t<\/div><!-- .entry-content -->\n\t\t\n\t\t<div class=\"entry-meta\">\n\t\t\t\t\t\t\t<div class=\"continue-reading\"><a href=\"https:\/\/caramsrl.com.ar\/algodon\/2026\/04\/01\/1921\/\">Continue Reading <span class=\"meta-nav\">&rarr;<\/span><\/a><\/div>\n\t\t\t\n\t\t\t<div class=\"posted-on\">Posted on <a href=\"https:\/\/caramsrl.com.ar\/algodon\/2026\/04\/01\/1921\/\" title=\"11:05 pm\" rel=\"bookmark\"><time class=\"entry-date\" datetime=\"2026-04-01T23:05:25+03:00\">1 abril, 2026<\/time><\/a><\/div>\n\t\t<\/div><!-- .entry-meta -->\n\n\t\t\n\t<\/div>\n\n<\/article><!-- #post-1921 -->\n\n\t\n\t\t\n<article id=\"post-1918\" class=\"entry post-1918 post type-post status-publish format-standard hentry category-precios\">\n\n\t\n\n\t<div class=\"post-text\">\n\n\t\t\n\t\t\t\t\t<div class=\"entry-content\">\n\t\t\t\t<iframe src=\"\/\/docs.google.com\/viewer?url=http%3A%2F%2Fcaramsrl.com.ar%2Falgodon%2Fwp-content%2Fuploads%2F2026%2F03%2FPrecios-de-Referencia-25-03-26.pdf&hl=es&embedded=true\" class=\"gde-frame\" style=\"width:100%; height:500px; border: none;\" scrolling=\"no\"><\/iframe>\n<p class=\"gde-text\"><a href=\"http:\/\/caramsrl.com.ar\/algodon\/wp-content\/uploads\/2026\/03\/Precios-de-Referencia-25-03-26.pdf\" class=\"gde-link\">Descargar (PDF, 171KB)<\/a><\/p>\n\t\t\t\t\t\t\t<\/div><!-- .entry-content -->\n\t\t\n\t\t<div class=\"entry-meta\">\n\t\t\t\t\t\t\t<div class=\"continue-reading\"><a href=\"https:\/\/caramsrl.com.ar\/algodon\/2026\/03\/26\/1918\/\">Continue Reading <span class=\"meta-nav\">&rarr;<\/span><\/a><\/div>\n\t\t\t\n\t\t\t<div class=\"posted-on\">Posted on <a href=\"https:\/\/caramsrl.com.ar\/algodon\/2026\/03\/26\/1918\/\" title=\"11:00 pm\" rel=\"bookmark\"><time class=\"entry-date\" datetime=\"2026-03-26T23:00:44+03:00\">26 marzo, 2026<\/time><\/a><\/div>\n\t\t<\/div><!-- .entry-meta -->\n\n\t\t\n\t<\/div>\n\n<\/article><!-- #post-1918 -->\n\n\t\n\t\t\n<article id=\"post-1915\" class=\"entry post-1915 post type-post status-publish format-standard hentry category-precios\">\n\n\t\n\n\t<div class=\"post-text\">\n\n\t\t\n\t\t\t\t\t<div class=\"entry-content\">\n\t\t\t\t<iframe src=\"\/\/docs.google.com\/viewer?url=http%3A%2F%2Fcaramsrl.com.ar%2Falgodon%2Fwp-content%2Fuploads%2F2026%2F03%2FPrecios-de-Referencia-18-03-26.pdf&hl=es&embedded=true\" class=\"gde-frame\" style=\"width:100%; height:500px; border: none;\" scrolling=\"no\"><\/iframe>\n<p class=\"gde-text\"><a href=\"http:\/\/caramsrl.com.ar\/algodon\/wp-content\/uploads\/2026\/03\/Precios-de-Referencia-18-03-26.pdf\" class=\"gde-link\">Descargar (PDF, 171KB)<\/a><\/p>\n\t\t\t\t\t\t\t<\/div><!-- .entry-content -->\n\t\t\n\t\t<div class=\"entry-meta\">\n\t\t\t\t\t\t\t<div class=\"continue-reading\"><a href=\"https:\/\/caramsrl.com.ar\/algodon\/2026\/03\/18\/1915\/\">Continue Reading <span class=\"meta-nav\">&rarr;<\/span><\/a><\/div>\n\t\t\t\n\t\t\t<div class=\"posted-on\">Posted on <a href=\"https:\/\/caramsrl.com.ar\/algodon\/2026\/03\/18\/1915\/\" title=\"10:52 pm\" rel=\"bookmark\"><time class=\"entry-date\" datetime=\"2026-03-18T22:52:53+03:00\">18 marzo, 2026<\/time><\/a><\/div>\n\t\t<\/div><!-- .entry-meta -->\n\n\t\t\n\t<\/div>\n\n<\/article><!-- #post-1915 -->\n\n\t\n\t\t\n<article id=\"post-1912\" class=\"entry post-1912 post type-post status-publish format-standard hentry category-precios\">\n\n\t\n\n\t<div class=\"post-text\">\n\n\t\t\n\t\t\t\t\t<div class=\"entry-content\">\n\t\t\t\t<iframe src=\"\/\/docs.google.com\/viewer?url=http%3A%2F%2Fcaramsrl.com.ar%2Falgodon%2Fwp-content%2Fuploads%2F2026%2F03%2FPrecios-de-Referencia-11-03-26.pdf&hl=es&embedded=true\" class=\"gde-frame\" style=\"width:100%; height:500px; border: none;\" scrolling=\"no\"><\/iframe>\n<p class=\"gde-text\"><a href=\"http:\/\/caramsrl.com.ar\/algodon\/wp-content\/uploads\/2026\/03\/Precios-de-Referencia-11-03-26.pdf\" class=\"gde-link\">Descargar (PDF, 171KB)<\/a><\/p>\n\t\t\t\t\t\t\t<\/div><!-- .entry-content -->\n\t\t\n\t\t<div class=\"entry-meta\">\n\t\t\t\t\t\t\t<div class=\"continue-reading\"><a href=\"https:\/\/caramsrl.com.ar\/algodon\/2026\/03\/12\/1912\/\">Continue Reading <span class=\"meta-nav\">&rarr;<\/span><\/a><\/div>\n\t\t\t\n\t\t\t<div class=\"posted-on\">Posted on <a href=\"https:\/\/caramsrl.com.ar\/algodon\/2026\/03\/12\/1912\/\" title=\"3:01 pm\" rel=\"bookmark\"><time class=\"entry-date\" datetime=\"2026-03-12T15:01:09+03:00\">12 marzo, 2026<\/time><\/a><\/div>\n\t\t<\/div><!-- .entry-meta -->\n\n\t\t\n\t<\/div>\n\n<\/article><!-- #post-1912 -->\n\n\t\n\t\t\n<article id=\"post-1909\" class=\"entry post-1909 post type-post status-publish format-standard hentry category-precios\">\n\n\t\n\n\t<div class=\"post-text\">\n\n\t\t\n\t\t\t\t\t<div class=\"entry-content\">\n\t\t\t\t<iframe src=\"\/\/docs.google.com\/viewer?url=http%3A%2F%2Fcaramsrl.com.ar%2Falgodon%2Fwp-content%2Fuploads%2F2026%2F03%2FPrecios-de-Referencia-04-03-26.pdf&hl=es&embedded=true\" class=\"gde-frame\" style=\"width:100%; height:500px; border: none;\" scrolling=\"no\"><\/iframe>\n<p class=\"gde-text\"><a href=\"http:\/\/caramsrl.com.ar\/algodon\/wp-content\/uploads\/2026\/03\/Precios-de-Referencia-04-03-26.pdf\" class=\"gde-link\">Descargar (PDF, 171KB)<\/a><\/p>\n\t\t\t\t\t\t\t<\/div><!-- .entry-content -->\n\t\t\n\t\t<div class=\"entry-meta\">\n\t\t\t\t\t\t\t<div class=\"continue-reading\"><a href=\"https:\/\/caramsrl.com.ar\/algodon\/2026\/03\/04\/1909\/\">Continue Reading <span class=\"meta-nav\">&rarr;<\/span><\/a><\/div>\n\t\t\t\n\t\t\t<div class=\"posted-on\">Posted on <a href=\"https:\/\/caramsrl.com.ar\/algodon\/2026\/03\/04\/1909\/\" title=\"11:34 pm\" rel=\"bookmark\"><time class=\"entry-date\" datetime=\"2026-03-04T23:34:47+03:00\">4 marzo, 2026<\/time><\/a><\/div>\n\t\t<\/div><!-- .entry-meta -->\n\n\t\t\n\t<\/div>\n\n<\/article><!-- #post-1909 -->\n\n\t\n\t\t\n<article id=\"post-1906\" class=\"entry post-1906 post type-post status-publish format-standard hentry category-precios\">\n\n\t\n\n\t<div class=\"post-text\">\n\n\t\t\n\t\t\t\t\t<div class=\"entry-content\">\n\t\t\t\t<iframe src=\"\/\/docs.google.com\/viewer?url=http%3A%2F%2Fcaramsrl.com.ar%2Falgodon%2Fwp-content%2Fuploads%2F2026%2F02%2FPrecios-de-Referencia-25-02-26.pdf&hl=es&embedded=true\" class=\"gde-frame\" style=\"width:100%; height:500px; border: none;\" scrolling=\"no\"><\/iframe>\n<p class=\"gde-text\"><a href=\"http:\/\/caramsrl.com.ar\/algodon\/wp-content\/uploads\/2026\/02\/Precios-de-Referencia-25-02-26.pdf\" class=\"gde-link\">Descargar (PDF, 171KB)<\/a><\/p>\n\t\t\t\t\t\t\t<\/div><!-- .entry-content -->\n\t\t\n\t\t<div class=\"entry-meta\">\n\t\t\t\t\t\t\t<div class=\"continue-reading\"><a href=\"https:\/\/caramsrl.com.ar\/algodon\/2026\/02\/26\/1906\/\">Continue Reading <span class=\"meta-nav\">&rarr;<\/span><\/a><\/div>\n\t\t\t\n\t\t\t<div class=\"posted-on\">Posted on <a href=\"https:\/\/caramsrl.com.ar\/algodon\/2026\/02\/26\/1906\/\" title=\"5:56 pm\" rel=\"bookmark\"><time class=\"entry-date\" datetime=\"2026-02-26T17:56:58+03:00\">26 febrero, 2026<\/time><\/a><\/div>\n\t\t<\/div><!-- .entry-meta -->\n\n\t\t\n\t<\/div>\n\n<\/article><!-- #post-1906 -->\n\n\t\n\t\t\n<article id=\"post-1903\" class=\"entry post-1903 post type-post status-publish format-standard hentry category-precios\">\n\n\t\n\n\t<div class=\"post-text\">\n\n\t\t\n\t\t\t\t\t<div class=\"entry-content\">\n\t\t\t\t<iframe src=\"\/\/docs.google.com\/viewer?url=http%3A%2F%2Fcaramsrl.com.ar%2Falgodon%2Fwp-content%2Fuploads%2F2026%2F02%2FPrecios-de-Referencia-18-02-26.pdf&hl=es&embedded=true\" class=\"gde-frame\" style=\"width:100%; height:500px; border: none;\" scrolling=\"no\"><\/iframe>\n<p class=\"gde-text\"><a href=\"http:\/\/caramsrl.com.ar\/algodon\/wp-content\/uploads\/2026\/02\/Precios-de-Referencia-18-02-26.pdf\" class=\"gde-link\">Descargar (PDF, 171KB)<\/a><\/p>\n\t\t\t\t\t\t\t<\/div><!-- .entry-content -->\n\t\t\n\t\t<div class=\"entry-meta\">\n\t\t\t\t\t\t\t<div class=\"continue-reading\"><a href=\"https:\/\/caramsrl.com.ar\/algodon\/2026\/02\/18\/1903\/\">Continue Reading <span class=\"meta-nav\">&rarr;<\/span><\/a><\/div>\n\t\t\t\n\t\t\t<div class=\"posted-on\">Posted on <a href=\"https:\/\/caramsrl.com.ar\/algodon\/2026\/02\/18\/1903\/\" title=\"10:16 pm\" rel=\"bookmark\"><time class=\"entry-date\" datetime=\"2026-02-18T22:16:59+03:00\">18 febrero, 2026<\/time><\/a><\/div>\n\t\t<\/div><!-- .entry-meta -->\n\n\t\t\n\t<\/div>\n\n<\/article><!-- #post-1903 -->\n\n\t\n\t\t<nav role=\"navigation\" id=\"nav-below\" class=\"site-navigation paging-navigation\">\n\t\t<h1 class=\"assistive-text\">Post navigation<\/h1>\n\n\t\t\n\t\t\t\t\t\t<div class=\"nav-previous\"><a href=\"https:\/\/caramsrl.com.ar\/algodon\/wp-json\/wp\/v2\/pages\/2\/page\/2\/\" ><span class=\"meta-nav influence-icon-arrow-left\"><\/span> Older posts<\/a><\/div>\n\t\t\t\n\t\t\t\n\t\t\n\t<\/nav><!-- #nav-below -->\n\t\n<\/div><\/div><div id=\"pgc-2-0-1\"  class=\"panel-grid-cell\" ><div id=\"panel-2-0-1-0\" class=\"so-panel widget widget_text panel-first-child\" data-index=\"2\" ><div class=\"panel-widget-style panel-widget-style-for-2-0-1-0\" ><h3 class=\"widget-title\">Ingrese su cuenta<\/h3>\t\t\t<div class=\"textwidget\"><form name=\"loginForm\" method=\"post\" action=\"http:\/\/www.caramsrl.com\/acceso-clientes\/web\/check\" id=\"loginForm\">\n<div class=\"row control-group\"><label>Nombre Usuario<\/label> <input type=\"text\" data-validation-required-message=\"Ingrese nombre de usuario.\" name=\"_username\" class=\"form-control\" id=\"username\"><\/div>\n<div class=\"row control-group\"><label>Password<\/label> <input type=\"password\" data-validation-required-message=\"Ingrese password.\" name=\"_password\" class=\"form-control\" id=\"password\"><\/div>\n<div class=\"row control-group\">&nbsp;<\/div>\n<div class=\"row control-group\"><a style=\"color: #0044cc;\" title=\"Olvide\" href=\"acceso-clientes\/web\/usuarios\/forgotPassword\"> Olvide mi password<\/a><\/div>\n<div class=\"row\"><button type=\"submit\" name=\"_submit\" class=\"btn btn-success dd-button\" id=\"_submit\">Acceder<\/button><\/div>\n<\/form><\/div>\n\t\t<\/div><\/div><div id=\"panel-2-0-1-1\" class=\"so-panel widget widget_text\" data-index=\"3\" ><div class=\"panel-widget-style panel-widget-style-for-2-0-1-1\" ><h3 class=\"widget-title\">Dolar Hoy<\/h3>\t\t\t<div class=\"textwidget\"><div><iframe style=\"width:100%;height:260px;border-radius:10px;box-shadow:2px 4px 4px rgb(0 0 0 \/ 25%);display:flex;justify-content:center;border:1px solid #bcbcbc\" src=\"https:\/\/dolarhoy.com\/i\/cotizaciones\/dolar-blue\" frameborder=\"0\"><\/iframe><\/div><\/div>\n\t\t<\/div><\/div><div id=\"panel-2-0-1-2\" class=\"so-panel widget widget_media_image\" data-index=\"4\" ><h3 class=\"widget-title\">Foto satelital<\/h3><a href=\"https:\/\/www.smn.gob.ar\/satelite\"><img width=\"300\" height=\"300\" src=\"https:\/\/caramsrl.com.ar\/algodon\/wp-content\/uploads\/2023\/11\/frame.png\" class=\"image wp-image-1517  attachment-full size-full\" alt=\"\" decoding=\"async\" style=\"max-width: 100%; height: auto;\" srcset=\"https:\/\/caramsrl.com.ar\/algodon\/wp-content\/uploads\/2023\/11\/frame.png 300w, https:\/\/caramsrl.com.ar\/algodon\/wp-content\/uploads\/2023\/11\/frame-150x150.png 150w\" sizes=\"(max-width: 300px) 100vw, 300px\" \/><\/a><\/div><div id=\"panel-2-0-1-3\" class=\"so-panel widget widget_text panel-last-child\" data-index=\"5\" ><div class=\"panel-widget-style panel-widget-style-for-2-0-1-3\" >\t\t\t<div class=\"textwidget\"><div class=\"custom\">\n\t<div class=\"climacaram\"><img border=\"0\" src=\"http:\/\/caramsrl.com\/images\/solclimachaco.jpg\" alt=\"\"><\/div>\n<div class=\"tiempo\"><a href=\"http:\/\/www.meteored.com.ar\/tiempo-en_General+Pinedo-America+Sur-Argentina-Chaco--1-14794.html\" target=\"blank\" rel=\"noopener\">General Pinedo<\/a> <a href=\"http:\/\/www.meteored.com.ar\/tiempo-en_Quimili-America+Sur-Argentina-Santiago+del+Estero--1-16793.html\" target=\"blank\" rel=\"noopener\">Quimili<\/a> <a href=\"http:\/\/www.meteored.com.ar\/tiempo-en_Villa+Angela-America+Sur-Argentina-Chaco--1-16869.html\" target=\"blank\" rel=\"noopener\">Villa \u00c1ngela<\/a> <a href=\"http:\/\/www.meteored.com.ar\/tiempo-en_Bandera-America+Sur-Argentina-Santiago+del+Estero--1-16620.html\" target=\"blank\" rel=\"noopener\">Bandera<\/a> <a href=\"http:\/\/www.meteored.com.ar\/tiempo-en_Resistencia-America+Sur-Argentina-Chaco-SARE-1-16890.html\" target=\"blank\" rel=\"noopener\">Resistencia<\/a> <a href=\"http:\/\/www.meteored.com.ar\/tiempo-en_La+Banda-America+Sur-Argentina-Santiago+del+Estero--1-16729.html\" target=\"blank\" rel=\"noopener\">La Banda - S. E.<\/a><\/div><\/div><\/div>\n\t\t<\/div><\/div><\/div><\/div><\/div>","protected":false},"excerpt":{"rendered":"<p>Caram S.R.L. El tradicional acopiador de algod\u00f3n argentino y proveedor de industrias textiles, con una estructura moderna y eficiente. Operando en todas las regiones productoras de algod\u00f3n con una log\u00edstica coordinada con la totalidad de las desmotadoras en operaci\u00f3n. A trav\u00e9s de esta p\u00e1gina le brindamos un servicio m\u00e1s al productor, una fuente de informaci\u00f3n [&hellip;]<\/p>\n","protected":false},"author":3,"featured_media":0,"parent":0,"menu_order":0,"comment_status":"closed","ping_status":"closed","template":"templates\/template-full-no-title.php","meta":{"_mi_skip_tracking":false,"_exactmetrics_sitenote_active":false,"_exactmetrics_sitenote_note":"","_exactmetrics_sitenote_category":0,"footnotes":""},"_links":{"self":[{"href":"https:\/\/caramsrl.com.ar\/algodon\/wp-json\/wp\/v2\/pages\/2"}],"collection":[{"href":"https:\/\/caramsrl.com.ar\/algodon\/wp-json\/wp\/v2\/pages"}],"about":[{"href":"https:\/\/caramsrl.com.ar\/algodon\/wp-json\/wp\/v2\/types\/page"}],"author":[{"embeddable":true,"href":"https:\/\/caramsrl.com.ar\/algodon\/wp-json\/wp\/v2\/users\/3"}],"replies":[{"embeddable":true,"href":"https:\/\/caramsrl.com.ar\/algodon\/wp-json\/wp\/v2\/comments?post=2"}],"version-history":[{"count":38,"href":"https:\/\/caramsrl.com.ar\/algodon\/wp-json\/wp\/v2\/pages\/2\/revisions"}],"predecessor-version":[{"id":1519,"href":"https:\/\/caramsrl.com.ar\/algodon\/wp-json\/wp\/v2\/pages\/2\/revisions\/1519"}],"wp:attachment":[{"href":"https:\/\/caramsrl.com.ar\/algodon\/wp-json\/wp\/v2\/media?parent=2"}],"curies":[{"name":"wp","href":"https:\/\/api.w.org\/{rel}","templated":true}]}}