{"id":53,"date":"2015-07-22T22:59:16","date_gmt":"2015-07-22T22:59:16","guid":{"rendered":"http:\/\/caramsrl.com\/algodon\/?page_id=53"},"modified":"2016-04-05T23:56:02","modified_gmt":"2016-04-05T20:56:02","slug":"quienes-somos","status":"publish","type":"page","link":"https:\/\/caramsrl.com.ar\/algodon\/quienes-somos\/","title":{"rendered":"Quienes Somos"},"content":{"rendered":"<p><strong>Caram srl<\/strong> nace en 1996, como una continuaci\u00f3n de la actividad unipersonal de su fundador, el ingeniero\u00a0 agr\u00f3nomo Carlos A. Caram, qui\u00e9n desde 1987 se dedicaba en forma aut\u00f3noma a la comercializaci\u00f3n de insumos, productos y subproductos agropecuarios en la provincia del Chaco, Argentina.<\/p>\n<p>En sus comienzos, la principal actividad de la empresa era la venta de insumos agropecuarios y granos con destino a forraje. Posteriormente, comienza a crecer como un servicio a los clientes (productores agropecuarios), la comercializaci\u00f3n de la producci\u00f3n, con buenos resultados en ma\u00edz, girasol y algod\u00f3n.<\/p>\n<p>Dado que la provincia del Chaco concentra la mayor \u00e1rea sembrada de algod\u00f3n del pa\u00eds, fue \u00e9ste el producto que m\u00e1s creci\u00f3 en el volumen de ventas de la empresa. Esto fue favorecido por\u00a0 la relaci\u00f3n encarada con consumidores de fibra de primer nivel que operaban en la regi\u00f3n. As\u00ed, si bien nunca se dejaron de lado los otros rubros, la comercializaci\u00f3n de algod\u00f3n se convirti\u00f3 en la principal actividad de la empresa, y la adecuaci\u00f3n a nuevas reglas de juego que surgieron con el avance de las comunicaciones y tecnolog\u00edas permiti\u00f3 llegar en la actualidad a una posici\u00f3n de privilegio en el mercado algodonero nacional.<\/p>\n<p>Hoy en d\u00eda, la empresa cuenta con una amplia red de proveedores y representantes que abarcan gran parte de la geograf\u00eda algodonera del pa\u00eds, en las provincias de Chaco, Santa Fe y Santiago del Estero. A su vez, posee un equipo t\u00e9cnico de 3 Ingenieros Agr\u00f3nomos, un departamento de log\u00edstica que es modelo de eficiencia en entregas tanto en la industria como en embarques de exportaci\u00f3n, y un soporte contable administrativo de calidad. Paralelamente, cuenta con un laboratorio propio de an\u00e1lisis de fibra con 2 clasificadores matriculados.<\/p>\n<p>Esto ha hecho posible que Caram SRL, se convierta en uno de los principales comercializadores de fibra de algod\u00f3n del pa\u00eds abasteciendo a las m\u00e1s importantes industrias textiles del medio y exportando flu\u00eddamente a distintos destinos del mundo.<\/p>\n","protected":false},"excerpt":{"rendered":"<p>Caram srl nace en 1996, como una continuaci\u00f3n de la actividad unipersonal de su fundador, el ingeniero\u00a0 agr\u00f3nomo Carlos A. Caram, qui\u00e9n desde 1987 se dedicaba en forma aut\u00f3noma a la comercializaci\u00f3n de insumos, productos y subproductos agropecuarios en la provincia del Chaco, Argentina. En sus comienzos, la principal actividad de la empresa era la [&hellip;]<\/p>\n","protected":false},"author":3,"featured_media":10,"parent":0,"menu_order":0,"comment_status":"closed","ping_status":"closed","template":"","meta":{"_mi_skip_tracking":false,"_exactmetrics_sitenote_active":false,"_exactmetrics_sitenote_note":"","_exactmetrics_sitenote_category":0,"footnotes":""},"_links":{"self":[{"href":"https:\/\/caramsrl.com.ar\/algodon\/wp-json\/wp\/v2\/pages\/53"}],"collection":[{"href":"https:\/\/caramsrl.com.ar\/algodon\/wp-json\/wp\/v2\/pages"}],"about":[{"href":"https:\/\/caramsrl.com.ar\/algodon\/wp-json\/wp\/v2\/types\/page"}],"author":[{"embeddable":true,"href":"https:\/\/caramsrl.com.ar\/algodon\/wp-json\/wp\/v2\/users\/3"}],"replies":[{"embeddable":true,"href":"https:\/\/caramsrl.com.ar\/algodon\/wp-json\/wp\/v2\/comments?post=53"}],"version-history":[{"count":1,"href":"https:\/\/caramsrl.com.ar\/algodon\/wp-json\/wp\/v2\/pages\/53\/revisions"}],"predecessor-version":[{"id":54,"href":"https:\/\/caramsrl.com.ar\/algodon\/wp-json\/wp\/v2\/pages\/53\/revisions\/54"}],"wp:featuredmedia":[{"embeddable":true,"href":"https:\/\/caramsrl.com.ar\/algodon\/wp-json\/wp\/v2\/media\/10"}],"wp:attachment":[{"href":"https:\/\/caramsrl.com.ar\/algodon\/wp-json\/wp\/v2\/media?parent=53"}],"curies":[{"name":"wp","href":"https:\/\/api.w.org\/{rel}","templated":true}]}}