{"id":59,"date":"2015-07-22T23:02:17","date_gmt":"2015-07-22T23:02:17","guid":{"rendered":"http:\/\/caramsrl.com\/algodon\/?page_id=59"},"modified":"2016-04-05T23:55:08","modified_gmt":"2016-04-05T20:55:08","slug":"productos-y-servicios","status":"publish","type":"page","link":"https:\/\/caramsrl.com.ar\/algodon\/productos-y-servicios\/","title":{"rendered":"Productos y Servicios"},"content":{"rendered":"<blockquote><p><strong>1- Servicios de comercializaci\u00f3n a productores primarios<\/strong><br \/>\nRecibimos algod\u00f3n en bruto en distintas desmotadoras del pa\u00eds, donde procesamos el mismo hasta la obtenci\u00f3n del fardo de Fibra. El productor tiene la opci\u00f3n de vender los Kgs. de Algod\u00f3n entregados o bien dejarlo en fibra \u201ca fijar\u201d. En este caso se formar\u00e1n \u201clotes\u201d de fardos, se clasificar\u00e1n por calidad y par\u00e1metros y se informar\u00e1 al propietario cuanta fibra tiene y de qu\u00e9 calidad. Posteriormente se comercializar\u00e1 cuando el productor lo desee pactando precios de \u00e9se momento.<\/p>\n<p><strong>2- Provisi\u00f3n de Fibra de Algod\u00f3n a industrias<\/strong><br \/>\nContamos con una amplia experiencia en provisi\u00f3n de fibra a la Industria. Para ello nuestro departamento de log\u00edstica tiene un eficiente servicio de env\u00edo y recepci\u00f3n de muestras y, una vez realizado el negocio, de entrega en tiempo y forma de la mercader\u00eda correspondiente.<\/p>\n<p><strong>3- Tambi\u00e9n vendemos semilla proveniente del desmote con destino a industria aceitera y\/o consumo como forraje.<\/strong><\/p><\/blockquote>\n","protected":false},"excerpt":{"rendered":"<p>1- Servicios de comercializaci\u00f3n a productores primarios Recibimos algod\u00f3n en bruto en distintas desmotadoras del pa\u00eds, donde procesamos el mismo hasta la obtenci\u00f3n del fardo de Fibra. El productor tiene la opci\u00f3n de vender los Kgs. de Algod\u00f3n entregados o bien dejarlo en fibra \u201ca fijar\u201d. En este caso se formar\u00e1n \u201clotes\u201d de fardos, se [&hellip;]<\/p>\n","protected":false},"author":3,"featured_media":61,"parent":0,"menu_order":0,"comment_status":"closed","ping_status":"closed","template":"","meta":{"_mi_skip_tracking":false,"_exactmetrics_sitenote_active":false,"_exactmetrics_sitenote_note":"","_exactmetrics_sitenote_category":0,"footnotes":""},"_links":{"self":[{"href":"https:\/\/caramsrl.com.ar\/algodon\/wp-json\/wp\/v2\/pages\/59"}],"collection":[{"href":"https:\/\/caramsrl.com.ar\/algodon\/wp-json\/wp\/v2\/pages"}],"about":[{"href":"https:\/\/caramsrl.com.ar\/algodon\/wp-json\/wp\/v2\/types\/page"}],"author":[{"embeddable":true,"href":"https:\/\/caramsrl.com.ar\/algodon\/wp-json\/wp\/v2\/users\/3"}],"replies":[{"embeddable":true,"href":"https:\/\/caramsrl.com.ar\/algodon\/wp-json\/wp\/v2\/comments?post=59"}],"version-history":[{"count":1,"href":"https:\/\/caramsrl.com.ar\/algodon\/wp-json\/wp\/v2\/pages\/59\/revisions"}],"predecessor-version":[{"id":60,"href":"https:\/\/caramsrl.com.ar\/algodon\/wp-json\/wp\/v2\/pages\/59\/revisions\/60"}],"wp:featuredmedia":[{"embeddable":true,"href":"https:\/\/caramsrl.com.ar\/algodon\/wp-json\/wp\/v2\/media\/61"}],"wp:attachment":[{"href":"https:\/\/caramsrl.com.ar\/algodon\/wp-json\/wp\/v2\/media?parent=59"}],"curies":[{"name":"wp","href":"https:\/\/api.w.org\/{rel}","templated":true}]}}